{"id":5812,"date":"2021-04-03T14:06:17","date_gmt":"2021-04-03T14:06:17","guid":{"rendered":"https:\/\/cvvd.ca\/notre-equipe\/"},"modified":"2026-02-12T21:07:02","modified_gmt":"2026-02-12T21:07:02","slug":"our-team","status":"publish","type":"page","link":"https:\/\/cvvd.ca\/en\/our-team\/","title":{"rendered":"Team"},"content":{"rendered":"[mk_page_section bg_image=&#8221;https:\/\/cvvd.ca\/wp-content\/uploads\/clinique-veterinaire-vaudreuil.jpg&#8221; bg_position=&#8221;left center&#8221; bg_repeat=&#8221;no-repeat&#8221; bg_stretch=&#8221;true&#8221; video_color_mask=&#8221;rgba(0,0,0,0.7)&#8221; video_opacity=&#8221;0.45&#8243; min_height=&#8221;0&#8243; full_width=&#8221;true&#8221; padding_top=&#8221;100&#8243; padding_bottom=&#8221;100&#8243; first_page=&#8221;false&#8221; last_page=&#8221;false&#8221; sidebar=&#8221;sidebar-1&#8243;][vc_column][vc_row_inner padding=&#8221;0&#8243;][vc_column_inner width=&#8221;1\/6&#8243;][\/vc_column_inner][vc_column_inner width=&#8221;2\/3&#8243;][mk_fancy_title color=&#8221;#ffffff&#8221; size=&#8221;48&#8243; force_font_size=&#8221;true&#8221; size_tablet=&#8221;30&#8243; size_phone=&#8221;24&#8243; margin_bottom=&#8221;0&#8243; font_family=&#8221;Montserrat&#8221; font_type=&#8221;google&#8221; align=&#8221;center&#8221;]Qualified, devoted veterinarians and technicians[\/mk_fancy_title][\/vc_column_inner][vc_column_inner width=&#8221;1\/6&#8243;][\/vc_column_inner][\/vc_row_inner][\/vc_column][\/mk_page_section][vc_row fullwidth=&#8221;true&#8221; fullwidth_content=&#8221;false&#8221; padding=&#8221;0&#8243; css=&#8221;.vc_custom_1617460953152{padding-top: 0px !important;padding-right: 0px !important;padding-bottom: 0px !important;padding-left: 0px !important;background-color: #f1f1f1 !important;}&#8221;][vc_column width=&#8221;1\/12&#8243;][\/vc_column][vc_column width=&#8221;5\/6&#8243;][mk_padding_divider size=&#8221;80&#8243;][mk_fancy_title tag_name=&#8221;h1&#8243; color=&#8221;#222222&#8243; size=&#8221;48&#8243; force_font_size=&#8221;true&#8221; size_tablet=&#8221;36&#8243; size_phone=&#8221;30&#8243; letter_spacing=&#8221;1&#8243; margin_bottom=&#8221;0&#8243; font_family=&#8221;Montserrat&#8221; font_type=&#8221;google&#8221; align=&#8221;center&#8221;]Experienced veterinarians and animal health technicians<br \/>\n[\/mk_fancy_title][vc_column_text disable_pattern=&#8221;false&#8221; align=&#8221;center&#8221; css=&#8221;.vc_custom_1618760823240{margin-bottom: 0px !important;}&#8221;]Founded in 1991, Clinique V\u00e9t\u00e9rinaire du Vieux-Dorion has always relied on a stable core of experienced multidisciplinary professionals. For over twenty years, we have prioritized two essential values in all the services we provide: quality care and empathy. These values have been major factors in developing customer loyalty over all these years.<br \/>\n[\/vc_column_text][mk_padding_divider size=&#8221;80&#8243;][\/vc_column][vc_column width=&#8221;1\/12&#8243;][\/vc_column][\/vc_row][mk_page_section layout_structure=&#8221;half_left&#8221; bg_image=&#8221;https:\/\/cvvd.ca\/wp-content\/uploads\/techniciennes-cvvd.jpg&#8221; min_height=&#8221;0&#8243; padding_top=&#8221;80&#8243; padding_bottom=&#8221;120&#8243; el_class=&#8221;bjm-landscape-image-mobile&#8221; first_page=&#8221;false&#8221; last_page=&#8221;false&#8221;][vc_column css=&#8221;.vc_custom_1434016008793{padding-left: -100px !important;}&#8221;][mk_fancy_title color=&#8221;#222222&#8243; size=&#8221;30&#8243; force_font_size=&#8221;true&#8221; size_tablet=&#8221;28&#8243; size_phone=&#8221;22&#8243; font_weight=&#8221;300&#8243; margin_bottom=&#8221;15&#8243; font_family=&#8221;Montserrat&#8221; font_type=&#8221;google&#8221;]Our team of animal health technicians[\/mk_fancy_title][vc_column_text disable_pattern=&#8221;false&#8221; css=&#8221;.vc_custom_1618760867689{margin-bottom: 0px !important;}&#8221;]At Clinique V\u00e9t\u00e9rinaire du Vieux-Dorion, our technicians work closely with our veterinarians to ensure highly efficient services. All our technicians hold a certificate in animal health and their role is much like that of nurses working in an animal context. Very versatile, they handle a variety of tasks ranging from taking x-rays to working in the laboratory.<\/p>\n<p>These technicians are vital assets to the clinic and they play an indispensible role in ensuring the highest quality of care and services.<br \/>\n[\/vc_column_text][\/vc_column][\/mk_page_section][mk_page_section layout_structure=&#8221;half_right&#8221; bg_image=&#8221;https:\/\/cvvd.ca\/wp-content\/uploads\/equipe-veterinaires-cvvd.jpg&#8221; min_height=&#8221;0&#8243; padding_top=&#8221;80&#8243; padding_bottom=&#8221;120&#8243; el_class=&#8221;bjm-landscape-image-mobile&#8221; first_page=&#8221;false&#8221; last_page=&#8221;false&#8221;][vc_column css=&#8221;.vc_custom_1434016008793{padding-left: -100px !important;}&#8221;][mk_fancy_title color=&#8221;#222222&#8243; size=&#8221;30&#8243; force_font_size=&#8221;true&#8221; size_tablet=&#8221;28&#8243; size_phone=&#8221;22&#8243; font_weight=&#8221;300&#8243; margin_bottom=&#8221;15&#8243; font_family=&#8221;Montserrat&#8221; font_type=&#8221;google&#8221;]Our veterinary team[\/mk_fancy_title][vc_column_text disable_pattern=&#8221;false&#8221; css=&#8221;.vc_custom_1618760952066{margin-bottom: 0px !important;}&#8221;]Since the very beginning in 1991, we\u2019ve always been very thorough in selecting our veterinarians. After more than twenty years of first-class service, our customers can still count on the expertise of multidisciplinary veterinary doctors totally dedicated to their pets\u2019 good health!<\/p>\n<p>Our major fields of expertise are:<\/p>\n<ul>\n<li>Preventive medicine<\/li>\n<li>Vaccination<\/li>\n<li>Veterinary surgery<\/li>\n<li>Sterilization<\/li>\n<\/ul>\n<p>Sharing a common vision of veterinary medicine, our experts are able to help you maintain your pet\u2019s quality of life in a broad range of circumstances.[\/vc_column_text][\/vc_column][\/mk_page_section][vc_row fullwidth=&#8221;true&#8221; fullwidth_content=&#8221;false&#8221; padding=&#8221;0&#8243; css=&#8221;.vc_custom_1617460977953{padding-top: 0px !important;padding-right: 0px !important;padding-bottom: 0px !important;padding-left: 0px !important;background-color: #f1f1f1 !important;}&#8221;][vc_column][mk_padding_divider size=&#8221;80&#8243;][mk_fancy_title tag_name=&#8221;h1&#8243; color=&#8221;#222222&#8243; size=&#8221;48&#8243; force_font_size=&#8221;true&#8221; size_tablet=&#8221;36&#8243; size_phone=&#8221;30&#8243; letter_spacing=&#8221;1&#8243; margin_bottom=&#8221;0&#8243; font_family=&#8221;Montserrat&#8221; font_type=&#8221;google&#8221; align=&#8221;center&#8221;]Meet our veterinarians<br \/>\n[\/mk_fancy_title][vc_row_inner][vc_column_inner width=&#8221;1\/3&#8243;][vc_single_image image=&#8221;12300&#8243; img_size=&#8221;full&#8221;][vc_column_text align=&#8221;center&#8221; css=&#8221;.vc_custom_1770920675244{margin-bottom: 0px !important;}&#8221;]\n<h3>Dr. Julie Lessard<\/h3>\n<p>Dr. Julie Lessard earned her Doctor from the Faculty of Veterinary Medicine at the Universit\u00e9 de Montr\u00e9al in June 1998. She worked for several years in clinical practice before becoming the owner in 2004. Dr. Lessard focuses his practice on consultations and surgical treatment for companion animals.[\/vc_column_text][\/vc_column_inner][vc_column_inner width=&#8221;1\/3&#8243;][vc_single_image image=&#8221;12302&#8243; img_size=&#8221;full&#8221;][vc_column_text align=&#8221;center&#8221; css=&#8221;.vc_custom_1762366546007{margin-bottom: 0px !important;}&#8221;]\n<h3>Dr. Marie Robichaud<\/h3>\n<p>Dr. Marie Robichaud earned her Doctor from the Faculty of Veterinary Medicine at the Universit\u00e9 de Montr\u00e9al in June 2013. She then completed an internship in small animal medicine and surgery at the Centre V\u00e9t\u00e9rinaire Rive-Sud. Dr. Robichaud works both in an emergency center and in a veterinary clinic.[\/vc_column_text][\/vc_column_inner][vc_column_inner width=&#8221;1\/3&#8243;][vc_single_image image=&#8221;12304&#8243; img_size=&#8221;full&#8221;][vc_column_text align=&#8221;center&#8221; css=&#8221;.vc_custom_1770920795977{margin-bottom: 0px !important;}&#8221;]\n<h3>Dr. Camille B\u00e9langer<\/h3>\n<p>Dr. Camille B\u00e9langer earned her Doctor from the Faculty of Veterinary Medicine at the Universit\u00e9 de Montr\u00e9al in May 2025. Dr. B\u00e9langer provides consultations and surgical care for companion animals in a veterinary clinic.[\/vc_column_text][\/vc_column_inner][\/vc_row_inner][mk_padding_divider size=&#8221;80&#8243;][\/vc_column][\/vc_row][vc_row fullwidth=&#8221;true&#8221; fullwidth_content=&#8221;false&#8221; padding=&#8221;0&#8243; css=&#8221;.vc_custom_1617460977953{padding-top: 0px !important;padding-right: 0px !important;padding-bottom: 0px !important;padding-left: 0px !important;background-color: #f1f1f1 !important;}&#8221;][vc_column][mk_padding_divider size=&#8221;80&#8243;][mk_fancy_title tag_name=&#8221;h1&#8243; color=&#8221;#222222&#8243; size=&#8221;48&#8243; force_font_size=&#8221;true&#8221; size_tablet=&#8221;36&#8243; size_phone=&#8221;30&#8243; letter_spacing=&#8221;1&#8243; margin_bottom=&#8221;0&#8243; font_family=&#8221;Montserrat&#8221; font_type=&#8221;google&#8221; align=&#8221;center&#8221;]Meet our technicians[\/mk_fancy_title][vc_row_inner][vc_column_inner width=&#8221;1\/3&#8243;][vc_single_image image=&#8221;12306&#8243; img_size=&#8221;full&#8221;][vc_column_text align=&#8221;center&#8221; css=&#8221;.vc_custom_1762366623473{margin-bottom: 0px !important;}&#8221;]\n<h3>Val\u00e9rie Santerre<\/h3>\n<p>Animal Health Technician, graduated in 2006 from C\u00e9gep Lionel-Groulx.[\/vc_column_text][\/vc_column_inner][vc_column_inner width=&#8221;1\/3&#8243;][vc_single_image image=&#8221;12308&#8243; img_size=&#8221;full&#8221;][vc_column_text align=&#8221;center&#8221; css=&#8221;.vc_custom_1762366689376{margin-bottom: 0px !important;}&#8221;]\n<h3>Kim Mc Sween<\/h3>\n<p>Animal Health Technician, graduated in 2006 from C\u00e9gep Lionel-Groulx.[\/vc_column_text][\/vc_column_inner][vc_column_inner width=&#8221;1\/3&#8243;][vc_single_image image=&#8221;12310&#8243; img_size=&#8221;full&#8221;][vc_column_text align=&#8221;center&#8221; css=&#8221;.vc_custom_1762366726609{margin-bottom: 0px !important;}&#8221;]\n<h3>Mathia Guertin-Santerre<\/h3>\n<p>Animal Health Technician, graduated in 2007 from Coll\u00e8ge Boreal.[\/vc_column_text][\/vc_column_inner][\/vc_row_inner][vc_row_inner][vc_column_inner width=&#8221;1\/3&#8243;][vc_single_image image=&#8221;12312&#8243; img_size=&#8221;full&#8221;][vc_column_text align=&#8221;center&#8221; css=&#8221;.vc_custom_1762366762840{margin-bottom: 0px !important;}&#8221;]\n<h3>Isabelle Lepage<\/h3>\n<p>Animal Health Technician, graduated in 2010 from Coll\u00e8ge Boreal.[\/vc_column_text][\/vc_column_inner][vc_column_inner width=&#8221;1\/3&#8243;][vc_single_image image=&#8221;12314&#8243; img_size=&#8221;full&#8221;][vc_column_text align=&#8221;center&#8221; css=&#8221;.vc_custom_1762366808509{margin-bottom: 0px !important;}&#8221;]\n<h3>Sara Girard<\/h3>\n<p>Animal Health Technician, graduated in 2008 from C\u00e9gep de Sherbrooke.[\/vc_column_text][\/vc_column_inner][vc_column_inner width=&#8221;1\/3&#8243;][vc_single_image image=&#8221;12324&#8243; img_size=&#8221;full&#8221;][vc_column_text align=&#8221;center&#8221; css=&#8221;.vc_custom_1762366850476{margin-bottom: 0px !important;}&#8221;]\n<h3>Alexann Lalonde-M\u00e9nard<\/h3>\n<p>Animal Health Technician, graduated in 2018 from College Boreal.<br \/>\n[\/vc_column_text][\/vc_column_inner][\/vc_row_inner][vc_row_inner][vc_column_inner width=&#8221;1\/6&#8243;][\/vc_column_inner][vc_column_inner width=&#8221;1\/3&#8243;][vc_single_image image=&#8221;12444&#8243; img_size=&#8221;1000&#215;1500&#8243;][vc_column_text align=&#8221;center&#8221; css=&#8221;.vc_custom_1762366887608{margin-bottom: 0px !important;}&#8221;]\n<h3>Alyssa Fourneaux<\/h3>\n<p>Animal Health Technician, graduated in 2019 from Vanier College.[\/vc_column_text][\/vc_column_inner][vc_column_inner width=&#8221;1\/3&#8243;][vc_single_image image=&#8221;12316&#8243; img_size=&#8221;full&#8221;][vc_column_text align=&#8221;center&#8221; css=&#8221;.vc_custom_1762366926084{margin-bottom: 0px !important;}&#8221;]\n<h3>Camille Pilote<\/h3>\n<p>Animal Health Technician, graduated in 2025 from C\u00e9gep de Sherbrooke.[\/vc_column_text][\/vc_column_inner][vc_column_inner width=&#8221;1\/6&#8243;][\/vc_column_inner][\/vc_row_inner][mk_padding_divider size=&#8221;80&#8243;][\/vc_column][\/vc_row][mk_page_section bg_color=&#8221;#ffffff&#8221; min_height=&#8221;0&#8243; padding_top=&#8221;0&#8243; padding_bottom=&#8221;0&#8243; first_page=&#8221;false&#8221; last_page=&#8221;false&#8221; sidebar=&#8221;sidebar-1&#8243;][vc_column width=&#8221;2\/3&#8243;][mk_fancy_title tag_name=&#8221;h6&#8243; size=&#8221;26&#8243; font_weight=&#8221;bold&#8221; margin_top=&#8221;60&#8243; margin_bottom=&#8221;0&#8243; font_family=&#8221;Montserrat&#8221; font_type=&#8221;google&#8221;]Like to know more about our team?<br \/>\n[\/mk_fancy_title][mk_padding_divider visibility=&#8221;hidden-sm&#8221;][\/vc_column][vc_column width=&#8221;1\/3&#8243;][mk_padding_divider size=&#8221;20&#8243; visibility=&#8221;visible-sm&#8221;][mk_button size=&#8221;large&#8221; url=&#8221;\/en\/contact-us\/&#8221; margin_top=&#8221;55&#8243; margin_bottom=&#8221;47&#8243;]Why not drop by; we\u2019re located in Vaudreuil-Dorion![\/mk_button][\/vc_column][\/mk_page_section]\n","protected":false},"excerpt":{"rendered":"<p>[mk_page_section bg_image=&#8221;https:\/\/cvvd.ca\/wp-content\/uploads\/clinique-veterinaire-vaudreuil.jpg&#8221; bg_position=&#8221;left center&#8221; bg_repeat=&#8221;no-repeat&#8221; bg_stretch=&#8221;true&#8221; video_color_mask=&#8221;rgba(0,0,0,0.7)&#8221; video_opacity=&#8221;0.45&#8243; min_height=&#8221;0&#8243; full_width=&#8221;true&#8221; padding_top=&#8221;100&#8243; padding_bottom=&#8221;100&#8243; first_page=&#8221;false&#8221; last_page=&#8221;false&#8221; sidebar=&#8221;sidebar-1&#8243;][vc_column][vc_row_inner padding=&#8221;0&#8243;][vc_column_inner width=&#8221;1\/6&#8243;][\/vc_column_inner][vc_column_inner width=&#8221;2\/3&#8243;][mk_fancy_title color=&#8221;#ffffff&#8221; size=&#8221;48&#8243; force_font_size=&#8221;true&#8221; size_tablet=&#8221;30&#8243; size_phone=&#8221;24&#8243; margin_bottom=&#8221;0&#8243; font_family=&#8221;Montserrat&#8221; font_type=&#8221;google&#8221; align=&#8221;center&#8221;]Qualified, devoted veterinarians and technicians[\/mk_fancy_title][\/vc_column_inner][vc_column_inner width=&#8221;1\/6&#8243;][\/vc_column_inner][\/vc_row_inner][\/vc_column][\/mk_page_section][vc_row fullwidth=&#8221;true&#8221; fullwidth_content=&#8221;false&#8221; padding=&#8221;0&#8243; css=&#8221;.vc_custom_1617460953152{padding-top: 0px !important;padding-right: 0px !important;padding-bottom: 0px !important;padding-left: 0px !important;background-color: #f1f1f1 !important;}&#8221;][vc_column width=&#8221;1\/12&#8243;][\/vc_column][vc_column width=&#8221;5\/6&#8243;][mk_padding_divider size=&#8221;80&#8243;][mk_fancy_title tag_name=&#8221;h1&#8243; color=&#8221;#222222&#8243; size=&#8221;48&#8243; force_font_size=&#8221;true&#8221; size_tablet=&#8221;36&#8243; size_phone=&#8221;30&#8243; [&hellip;]<\/p>\n","protected":false},"author":4,"featured_media":0,"parent":0,"menu_order":0,"comment_status":"open","ping_status":"open","template":"","meta":[],"yoast_head":"<!-- This site is optimized with the Yoast SEO plugin v16.1.1 - https:\/\/yoast.com\/wordpress\/plugins\/seo\/ -->\n<title>Veterinarians and technicians in animal health in Vaudreuil-Dorion<\/title>\n<meta name=\"description\" content=\"Clinique v\u00e9t\u00e9rinaire Vieux-Dorion (450) 424-6469 \u2022 veterinarians and technicians in animal health.\" \/>\n<meta name=\"robots\" content=\"index, follow, max-snippet:-1, max-image-preview:large, max-video-preview:-1\" \/>\n<link rel=\"canonical\" href=\"https:\/\/cvvd.ca\/en\/our-team\/\" \/>\n<meta property=\"og:locale\" content=\"en_US\" \/>\n<meta property=\"og:type\" content=\"article\" \/>\n<meta property=\"og:title\" content=\"Veterinarians and technicians in animal health in Vaudreuil-Dorion\" \/>\n<meta property=\"og:description\" content=\"Clinique v\u00e9t\u00e9rinaire Vieux-Dorion (450) 424-6469 \u2022 veterinarians and technicians in animal health.\" \/>\n<meta property=\"og:url\" content=\"https:\/\/cvvd.ca\/en\/our-team\/\" \/>\n<meta property=\"og:site_name\" content=\"Clinique v\u00e9t\u00e9rinaire du Vieux-Dorion\" \/>\n<meta property=\"article:modified_time\" content=\"2026-02-12T21:07:02+00:00\" \/>\n<meta name=\"twitter:card\" content=\"summary_large_image\" \/>\n<meta name=\"twitter:label1\" content=\"Est. reading time\">\n\t<meta name=\"twitter:data1\" content=\"4 minutes\">\n<script type=\"application\/ld+json\" class=\"yoast-schema-graph\">{\"@context\":\"https:\/\/schema.org\",\"@graph\":[{\"@type\":\"WebSite\",\"@id\":\"https:\/\/cvvd.ca\/#website\",\"url\":\"https:\/\/cvvd.ca\/\",\"name\":\"Clinique v\\u00e9t\\u00e9rinaire du Vieux-Dorion\",\"description\":\"Just another WordPress site\",\"potentialAction\":[{\"@type\":\"SearchAction\",\"target\":\"https:\/\/cvvd.ca\/?s={search_term_string}\",\"query-input\":\"required name=search_term_string\"}],\"inLanguage\":\"en-CA\"},{\"@type\":\"WebPage\",\"@id\":\"https:\/\/cvvd.ca\/en\/our-team\/#webpage\",\"url\":\"https:\/\/cvvd.ca\/en\/our-team\/\",\"name\":\"Veterinarians and technicians in animal health in Vaudreuil-Dorion\",\"isPartOf\":{\"@id\":\"https:\/\/cvvd.ca\/#website\"},\"datePublished\":\"2021-04-03T14:06:17+00:00\",\"dateModified\":\"2026-02-12T21:07:02+00:00\",\"description\":\"Clinique v\\u00e9t\\u00e9rinaire Vieux-Dorion (450) 424-6469 \\u2022 veterinarians and technicians in animal health.\",\"breadcrumb\":{\"@id\":\"https:\/\/cvvd.ca\/en\/our-team\/#breadcrumb\"},\"inLanguage\":\"en-CA\",\"potentialAction\":[{\"@type\":\"ReadAction\",\"target\":[\"https:\/\/cvvd.ca\/en\/our-team\/\"]}]},{\"@type\":\"BreadcrumbList\",\"@id\":\"https:\/\/cvvd.ca\/en\/our-team\/#breadcrumb\",\"itemListElement\":[{\"@type\":\"ListItem\",\"position\":1,\"item\":{\"@type\":\"WebPage\",\"@id\":\"https:\/\/cvvd.ca\/en\/\",\"url\":\"https:\/\/cvvd.ca\/en\/\",\"name\":\"Accueil\"}},{\"@type\":\"ListItem\",\"position\":2,\"item\":{\"@type\":\"WebPage\",\"@id\":\"https:\/\/cvvd.ca\/en\/our-team\/\",\"url\":\"https:\/\/cvvd.ca\/en\/our-team\/\",\"name\":\"Team\"}}]}]}<\/script>\n<!-- \/ Yoast SEO plugin. -->","_links":{"self":[{"href":"https:\/\/cvvd.ca\/en\/wp-json\/wp\/v2\/pages\/5812"}],"collection":[{"href":"https:\/\/cvvd.ca\/en\/wp-json\/wp\/v2\/pages"}],"about":[{"href":"https:\/\/cvvd.ca\/en\/wp-json\/wp\/v2\/types\/page"}],"author":[{"embeddable":true,"href":"https:\/\/cvvd.ca\/en\/wp-json\/wp\/v2\/users\/4"}],"replies":[{"embeddable":true,"href":"https:\/\/cvvd.ca\/en\/wp-json\/wp\/v2\/comments?post=5812"}],"version-history":[{"count":9,"href":"https:\/\/cvvd.ca\/en\/wp-json\/wp\/v2\/pages\/5812\/revisions"}],"predecessor-version":[{"id":12446,"href":"https:\/\/cvvd.ca\/en\/wp-json\/wp\/v2\/pages\/5812\/revisions\/12446"}],"wp:attachment":[{"href":"https:\/\/cvvd.ca\/en\/wp-json\/wp\/v2\/media?parent=5812"}],"curies":[{"name":"wp","href":"https:\/\/api.w.org\/{rel}","templated":true}]}}